{"id":221,"date":"2022-11-08T16:01:13","date_gmt":"2022-11-08T16:01:13","guid":{"rendered":"https:\/\/seitzingercreations.nl\/?page_id=221"},"modified":"2026-03-28T16:48:13","modified_gmt":"2026-03-28T16:48:13","slug":"projecten","status":"publish","type":"page","link":"https:\/\/seitzingercreations.nl\/?page_id=221","title":{"rendered":"Projecten"},"content":{"rendered":"\n<p><strong>Projecten<\/strong><\/p>\n\n\n\n<p>Op deze pagina vindt u een selectie van projecten die ik met veel zorg en aandacht heb mogen realiseren. Ieder ontwerp vertelt zijn eigen verhaal en is volledig afgestemd op de wensen, leefstijl en persoonlijkheid van de klant.<\/p>\n\n\n\n<p>Van slimme indelingsoplossingen en maatwerkmeubels tot complete interieurontwerpen \u2013 geen project is hetzelfde. Juist die diversiteit maakt mijn werk zo bijzonder. In elk ontwerp staat de balans tussen functionaliteit, sfeer en esthetiek centraal, met oog voor detail en een doordachte aanpak.<\/p>\n\n\n\n<p>Wat deze projecten met elkaar verbindt, is de persoonlijke benadering. Samen met de klant werk ik toe naar een interieur dat niet alleen mooi is, maar ook \u00e9cht voelt als thuis. Een plek waar alles klopt en waar verschillende stijlen en wensen samenkomen in \u00e9\u00e9n geheel.<\/p>\n\n\n\n<p>Laat u inspireren door de gerealiseerde projecten en ontdek wat Seitzinger Creations voor u kan betekenen.<br><br>*Deze pagina is nog in onderhoud. <\/p>\n\n\n\n<div class=\"wp-block-columns alignwide is-layout-flex wp-container-core-columns-is-layout-9d6595d7 wp-block-columns-is-layout-flex\">\n<div class=\"wp-block-column is-layout-flow wp-block-column-is-layout-flow\" style=\"flex-basis:50%\">\n<figure class=\"wp-block-image size-large\"><img fetchpriority=\"high\" decoding=\"async\" width=\"1024\" height=\"416\" src=\"https:\/\/seitzingercreations.nl\/wp-content\/uploads\/2023\/02\/Comm-Visser-WOONKAMER-1024x416.jpg\" alt=\"\" class=\"wp-image-300\" srcset=\"https:\/\/seitzingercreations.nl\/wp-content\/uploads\/2023\/02\/Comm-Visser-WOONKAMER-1024x416.jpg 1024w, https:\/\/seitzingercreations.nl\/wp-content\/uploads\/2023\/02\/Comm-Visser-WOONKAMER-300x122.jpg 300w, https:\/\/seitzingercreations.nl\/wp-content\/uploads\/2023\/02\/Comm-Visser-WOONKAMER-768x312.jpg 768w, https:\/\/seitzingercreations.nl\/wp-content\/uploads\/2023\/02\/Comm-Visser-WOONKAMER-1536x623.jpg 1536w, https:\/\/seitzingercreations.nl\/wp-content\/uploads\/2023\/02\/Comm-Visser-WOONKAMER-2048x831.jpg 2048w\" sizes=\"(max-width: 1024px) 100vw, 1024px\" \/><\/figure>\n<\/div>\n\n\n\n<div class=\"wp-block-column is-layout-flow wp-block-column-is-layout-flow\" style=\"flex-basis:50%\">\n<p><\/p>\n<\/div>\n<\/div>\n","protected":false},"excerpt":{"rendered":"<p>Projecten Op deze pagina vindt u een selectie van projecten die ik met veel zorg en aandacht heb mogen realiseren. Ieder ontwerp vertelt zijn eigen verhaal en is volledig afgestemd op de wensen, leefstijl en persoonlijkheid van de klant. Van slimme indelingsoplossingen en maatwerkmeubels tot complete interieurontwerpen \u2013 geen project is hetzelfde. Juist die diversiteit [&hellip;]<\/p>\n","protected":false},"author":1,"featured_media":0,"parent":0,"menu_order":0,"comment_status":"closed","ping_status":"closed","template":"","meta":{"footnotes":""},"class_list":["post-221","page","type-page","status-publish","hentry"],"yoast_head":"<!-- This site is optimized with the Yoast SEO plugin v27.3 - https:\/\/yoast.com\/product\/yoast-seo-wordpress\/ -->\n<title>Projecten -<\/title>\n<meta name=\"robots\" content=\"index, follow, max-snippet:-1, max-image-preview:large, max-video-preview:-1\" \/>\n<link rel=\"canonical\" href=\"https:\/\/seitzingercreations.nl\/?page_id=221\" \/>\n<meta property=\"og:locale\" content=\"nl_NL\" \/>\n<meta property=\"og:type\" content=\"article\" \/>\n<meta property=\"og:title\" content=\"Projecten -\" \/>\n<meta property=\"og:description\" content=\"Projecten Op deze pagina vindt u een selectie van projecten die ik met veel zorg en aandacht heb mogen realiseren. Ieder ontwerp vertelt zijn eigen verhaal en is volledig afgestemd op de wensen, leefstijl en persoonlijkheid van de klant. Van slimme indelingsoplossingen en maatwerkmeubels tot complete interieurontwerpen \u2013 geen project is hetzelfde. Juist die diversiteit [&hellip;]\" \/>\n<meta property=\"og:url\" content=\"https:\/\/seitzingercreations.nl\/?page_id=221\" \/>\n<meta property=\"article:modified_time\" content=\"2026-03-28T16:48:13+00:00\" \/>\n<meta property=\"og:image\" content=\"https:\/\/seitzingercreations.nl\/wp-content\/uploads\/2023\/02\/Comm-Visser-WOONKAMER-scaled.jpg\" \/>\n\t<meta property=\"og:image:width\" content=\"2560\" \/>\n\t<meta property=\"og:image:height\" content=\"1039\" \/>\n\t<meta property=\"og:image:type\" content=\"image\/jpeg\" \/>\n<meta name=\"twitter:card\" content=\"summary_large_image\" \/>\n<meta name=\"twitter:label1\" content=\"Geschatte leestijd\" \/>\n\t<meta name=\"twitter:data1\" content=\"1 minuut\" \/>\n<script type=\"application\/ld+json\" class=\"yoast-schema-graph\">{\"@context\":\"https:\\\/\\\/schema.org\",\"@graph\":[{\"@type\":\"WebPage\",\"@id\":\"https:\\\/\\\/seitzingercreations.nl\\\/?page_id=221\",\"url\":\"https:\\\/\\\/seitzingercreations.nl\\\/?page_id=221\",\"name\":\"Projecten -\",\"isPartOf\":{\"@id\":\"https:\\\/\\\/seitzingercreations.nl\\\/#website\"},\"primaryImageOfPage\":{\"@id\":\"https:\\\/\\\/seitzingercreations.nl\\\/?page_id=221#primaryimage\"},\"image\":{\"@id\":\"https:\\\/\\\/seitzingercreations.nl\\\/?page_id=221#primaryimage\"},\"thumbnailUrl\":\"https:\\\/\\\/seitzingercreations.nl\\\/wp-content\\\/uploads\\\/2023\\\/02\\\/Comm-Visser-WOONKAMER-1024x416.jpg\",\"datePublished\":\"2022-11-08T16:01:13+00:00\",\"dateModified\":\"2026-03-28T16:48:13+00:00\",\"breadcrumb\":{\"@id\":\"https:\\\/\\\/seitzingercreations.nl\\\/?page_id=221#breadcrumb\"},\"inLanguage\":\"nl-NL\",\"potentialAction\":[{\"@type\":\"ReadAction\",\"target\":[\"https:\\\/\\\/seitzingercreations.nl\\\/?page_id=221\"]}]},{\"@type\":\"ImageObject\",\"inLanguage\":\"nl-NL\",\"@id\":\"https:\\\/\\\/seitzingercreations.nl\\\/?page_id=221#primaryimage\",\"url\":\"https:\\\/\\\/seitzingercreations.nl\\\/wp-content\\\/uploads\\\/2023\\\/02\\\/Comm-Visser-WOONKAMER-scaled.jpg\",\"contentUrl\":\"https:\\\/\\\/seitzingercreations.nl\\\/wp-content\\\/uploads\\\/2023\\\/02\\\/Comm-Visser-WOONKAMER-scaled.jpg\",\"width\":2560,\"height\":1039},{\"@type\":\"BreadcrumbList\",\"@id\":\"https:\\\/\\\/seitzingercreations.nl\\\/?page_id=221#breadcrumb\",\"itemListElement\":[{\"@type\":\"ListItem\",\"position\":1,\"name\":\"Home\",\"item\":\"https:\\\/\\\/seitzingercreations.nl\\\/\"},{\"@type\":\"ListItem\",\"position\":2,\"name\":\"Projecten\"}]},{\"@type\":\"WebSite\",\"@id\":\"https:\\\/\\\/seitzingercreations.nl\\\/#website\",\"url\":\"https:\\\/\\\/seitzingercreations.nl\\\/\",\"name\":\"\",\"description\":\"\",\"potentialAction\":[{\"@type\":\"SearchAction\",\"target\":{\"@type\":\"EntryPoint\",\"urlTemplate\":\"https:\\\/\\\/seitzingercreations.nl\\\/?s={search_term_string}\"},\"query-input\":{\"@type\":\"PropertyValueSpecification\",\"valueRequired\":true,\"valueName\":\"search_term_string\"}}],\"inLanguage\":\"nl-NL\"}]}<\/script>\n<!-- \/ Yoast SEO plugin. -->","yoast_head_json":{"title":"Projecten -","robots":{"index":"index","follow":"follow","max-snippet":"max-snippet:-1","max-image-preview":"max-image-preview:large","max-video-preview":"max-video-preview:-1"},"canonical":"https:\/\/seitzingercreations.nl\/?page_id=221","og_locale":"nl_NL","og_type":"article","og_title":"Projecten -","og_description":"Projecten Op deze pagina vindt u een selectie van projecten die ik met veel zorg en aandacht heb mogen realiseren. Ieder ontwerp vertelt zijn eigen verhaal en is volledig afgestemd op de wensen, leefstijl en persoonlijkheid van de klant. Van slimme indelingsoplossingen en maatwerkmeubels tot complete interieurontwerpen \u2013 geen project is hetzelfde. Juist die diversiteit [&hellip;]","og_url":"https:\/\/seitzingercreations.nl\/?page_id=221","article_modified_time":"2026-03-28T16:48:13+00:00","og_image":[{"width":2560,"height":1039,"url":"https:\/\/seitzingercreations.nl\/wp-content\/uploads\/2023\/02\/Comm-Visser-WOONKAMER-scaled.jpg","type":"image\/jpeg"}],"twitter_card":"summary_large_image","twitter_misc":{"Geschatte leestijd":"1 minuut"},"schema":{"@context":"https:\/\/schema.org","@graph":[{"@type":"WebPage","@id":"https:\/\/seitzingercreations.nl\/?page_id=221","url":"https:\/\/seitzingercreations.nl\/?page_id=221","name":"Projecten -","isPartOf":{"@id":"https:\/\/seitzingercreations.nl\/#website"},"primaryImageOfPage":{"@id":"https:\/\/seitzingercreations.nl\/?page_id=221#primaryimage"},"image":{"@id":"https:\/\/seitzingercreations.nl\/?page_id=221#primaryimage"},"thumbnailUrl":"https:\/\/seitzingercreations.nl\/wp-content\/uploads\/2023\/02\/Comm-Visser-WOONKAMER-1024x416.jpg","datePublished":"2022-11-08T16:01:13+00:00","dateModified":"2026-03-28T16:48:13+00:00","breadcrumb":{"@id":"https:\/\/seitzingercreations.nl\/?page_id=221#breadcrumb"},"inLanguage":"nl-NL","potentialAction":[{"@type":"ReadAction","target":["https:\/\/seitzingercreations.nl\/?page_id=221"]}]},{"@type":"ImageObject","inLanguage":"nl-NL","@id":"https:\/\/seitzingercreations.nl\/?page_id=221#primaryimage","url":"https:\/\/seitzingercreations.nl\/wp-content\/uploads\/2023\/02\/Comm-Visser-WOONKAMER-scaled.jpg","contentUrl":"https:\/\/seitzingercreations.nl\/wp-content\/uploads\/2023\/02\/Comm-Visser-WOONKAMER-scaled.jpg","width":2560,"height":1039},{"@type":"BreadcrumbList","@id":"https:\/\/seitzingercreations.nl\/?page_id=221#breadcrumb","itemListElement":[{"@type":"ListItem","position":1,"name":"Home","item":"https:\/\/seitzingercreations.nl\/"},{"@type":"ListItem","position":2,"name":"Projecten"}]},{"@type":"WebSite","@id":"https:\/\/seitzingercreations.nl\/#website","url":"https:\/\/seitzingercreations.nl\/","name":"","description":"","potentialAction":[{"@type":"SearchAction","target":{"@type":"EntryPoint","urlTemplate":"https:\/\/seitzingercreations.nl\/?s={search_term_string}"},"query-input":{"@type":"PropertyValueSpecification","valueRequired":true,"valueName":"search_term_string"}}],"inLanguage":"nl-NL"}]}},"_links":{"self":[{"href":"https:\/\/seitzingercreations.nl\/index.php?rest_route=\/wp\/v2\/pages\/221","targetHints":{"allow":["GET"]}}],"collection":[{"href":"https:\/\/seitzingercreations.nl\/index.php?rest_route=\/wp\/v2\/pages"}],"about":[{"href":"https:\/\/seitzingercreations.nl\/index.php?rest_route=\/wp\/v2\/types\/page"}],"author":[{"embeddable":true,"href":"https:\/\/seitzingercreations.nl\/index.php?rest_route=\/wp\/v2\/users\/1"}],"replies":[{"embeddable":true,"href":"https:\/\/seitzingercreations.nl\/index.php?rest_route=%2Fwp%2Fv2%2Fcomments&post=221"}],"version-history":[{"count":4,"href":"https:\/\/seitzingercreations.nl\/index.php?rest_route=\/wp\/v2\/pages\/221\/revisions"}],"predecessor-version":[{"id":371,"href":"https:\/\/seitzingercreations.nl\/index.php?rest_route=\/wp\/v2\/pages\/221\/revisions\/371"}],"wp:attachment":[{"href":"https:\/\/seitzingercreations.nl\/index.php?rest_route=%2Fwp%2Fv2%2Fmedia&parent=221"}],"curies":[{"name":"wp","href":"https:\/\/api.w.org\/{rel}","templated":true}]}}